{"id":105,"date":"2019-02-08T13:02:58","date_gmt":"2019-02-08T12:02:58","guid":{"rendered":"http:\/\/www.bullseyewien.at\/?page_id=105"},"modified":"2023-10-18T14:43:15","modified_gmt":"2023-10-18T12:43:15","slug":"formationen","status":"publish","type":"page","link":"http:\/\/www.bullseyewien.at\/?page_id=105","title":{"rendered":"Formationen"},"content":{"rendered":"<table>\n<tbody>\n<tr>\n<td width=\"307\"><strong>Eine Stammformation gibt es bei uns nicht<\/strong><\/p>\n<p>Bull\u00b4s Eye ist ein, nach Bed\u00fcrfnissen, bunt zusammen gemischter Haufen an Musikerfreunden aus verschiedensten Bands und Musikrichtungen.<\/td>\n<\/tr>\n<\/tbody>\n<\/table>\n<p>Vom kleinen eher ruhigen Auftritt als Duo oder Trio bis hin zu den gro\u00dfen B\u00fchnen der Welt bespielen wir alles.<\/p>\n<p>Was wird zum Besten gegeben: Blues, BluesRock, Rock, Austropop und a paar alte Schinken geh\u00f6ren auch dazu. \ud83d\ude09<\/p>\n<h2>Keine Tontechnik vor Ort? Kein Problem!<\/h2>\n<p>Wir haben f\u00fcr alles, von der kleinsten bis zur gr\u00f6\u00dften Location, eine L\u00f6sung. Ob mit unserem eigenem Equipment oder f\u00fcr gr\u00f6\u00dfere B\u00fchnen mit unserem langj\u00e4hrigen Partner secEvent <a href=\"http:\/\/www.secevent.at\" target=\"_blank\" rel=\"noopener\">www.secevent.at<\/a>, wir finden f\u00fcr alle Anliegen ein passendes Ergebnis.<\/p>\n<p style=\"text-align: center;\"><a href=\"http:\/\/www.secevent.at\" target=\"_blank\" rel=\"noopener\"><img loading=\"lazy\" decoding=\"async\" class=\"alignnone size-medium wp-image-114\" src=\"http:\/\/www.bullseyewien.at\/wp-content\/uploads\/2019\/02\/Secevent-300x86.jpg\" alt=\"\" width=\"300\" height=\"86\" srcset=\"http:\/\/www.bullseyewien.at\/wp-content\/uploads\/2019\/02\/Secevent-300x86.jpg 300w, http:\/\/www.bullseyewien.at\/wp-content\/uploads\/2019\/02\/Secevent-768x221.jpg 768w, http:\/\/www.bullseyewien.at\/wp-content\/uploads\/2019\/02\/Secevent.jpg 1024w, http:\/\/www.bullseyewien.at\/wp-content\/uploads\/2019\/02\/Secevent-650x187.jpg 650w\" sizes=\"(max-width: 300px) 100vw, 300px\" \/><\/a><\/p>\n<hr>\n<p>&nbsp;<\/p>\n","protected":false},"excerpt":{"rendered":"<p>Eine Stammformation gibt es bei uns nicht Bull\u00b4s Eye ist ein, nach Bed\u00fcrfnissen, bunt zusammen gemischter Haufen an Musikerfreunden aus verschiedensten Bands und Musikrichtungen. Vom kleinen eher ruhigen Auftritt als <a class=\"more-link\" href=\"http:\/\/www.bullseyewien.at\/?page_id=105\">[ . . . ]<\/a><\/p>\n","protected":false},"author":1,"featured_media":0,"parent":0,"menu_order":0,"comment_status":"closed","ping_status":"closed","template":"","meta":{"ngg_post_thumbnail":0,"footnotes":""},"_links":{"self":[{"href":"http:\/\/www.bullseyewien.at\/index.php?rest_route=\/wp\/v2\/pages\/105"}],"collection":[{"href":"http:\/\/www.bullseyewien.at\/index.php?rest_route=\/wp\/v2\/pages"}],"about":[{"href":"http:\/\/www.bullseyewien.at\/index.php?rest_route=\/wp\/v2\/types\/page"}],"author":[{"embeddable":true,"href":"http:\/\/www.bullseyewien.at\/index.php?rest_route=\/wp\/v2\/users\/1"}],"replies":[{"embeddable":true,"href":"http:\/\/www.bullseyewien.at\/index.php?rest_route=%2Fwp%2Fv2%2Fcomments&post=105"}],"version-history":[{"count":8,"href":"http:\/\/www.bullseyewien.at\/index.php?rest_route=\/wp\/v2\/pages\/105\/revisions"}],"predecessor-version":[{"id":726,"href":"http:\/\/www.bullseyewien.at\/index.php?rest_route=\/wp\/v2\/pages\/105\/revisions\/726"}],"wp:attachment":[{"href":"http:\/\/www.bullseyewien.at\/index.php?rest_route=%2Fwp%2Fv2%2Fmedia&parent=105"}],"curies":[{"name":"wp","href":"https:\/\/api.w.org\/{rel}","templated":true}]}}