{"id":8,"date":"2017-05-10T11:00:55","date_gmt":"2017-05-10T09:00:55","guid":{"rendered":"http:\/\/www.bullseyewien.at\/wp\/?page_id=8"},"modified":"2023-10-18T14:49:53","modified_gmt":"2023-10-18T12:49:53","slug":"ueber-mich","status":"publish","type":"page","link":"http:\/\/www.bullseyewien.at\/?page_id=8","title":{"rendered":"Bandgeschichte"},"content":{"rendered":"<p><img loading=\"lazy\" decoding=\"async\" class=\"aligncenter wp-image-165\" src=\"http:\/\/www.bullseyewien.at\/wp-content\/uploads\/2019\/02\/Gruppe-02.jpg\" alt=\"\" width=\"600\" height=\"284\" srcset=\"http:\/\/www.bullseyewien.at\/wp-content\/uploads\/2019\/02\/Gruppe-02.jpg 1024w, http:\/\/www.bullseyewien.at\/wp-content\/uploads\/2019\/02\/Gruppe-02-300x142.jpg 300w, http:\/\/www.bullseyewien.at\/wp-content\/uploads\/2019\/02\/Gruppe-02-768x363.jpg 768w, http:\/\/www.bullseyewien.at\/wp-content\/uploads\/2019\/02\/Gruppe-02-650x307.jpg 650w\" sizes=\"(max-width: 600px) 100vw, 600px\" \/><\/p>\n<table>\n<tbody>\n<tr>\n<td width=\"307\"><img loading=\"lazy\" decoding=\"async\" class=\"alignnone wp-image-167 size-medium\" src=\"http:\/\/www.bullseyewien.at\/wp-content\/uploads\/2019\/02\/Gruppe-01-300x218.jpg\" alt=\"\" width=\"300\" height=\"218\" srcset=\"http:\/\/www.bullseyewien.at\/wp-content\/uploads\/2019\/02\/Gruppe-01-300x218.jpg 300w, http:\/\/www.bullseyewien.at\/wp-content\/uploads\/2019\/02\/Gruppe-01-768x559.jpg 768w, http:\/\/www.bullseyewien.at\/wp-content\/uploads\/2019\/02\/Gruppe-01-650x473.jpg 650w, http:\/\/www.bullseyewien.at\/wp-content\/uploads\/2019\/02\/Gruppe-01.jpg 904w\" sizes=\"(max-width: 300px) 100vw, 300px\" \/><\/td>\n<td width=\"307\">Im April 2015 entstand mit Musikern aus verschiedensten Wiener Bands das Projekt \u201eBull\u00b4s Eye\u201c.&nbsp;<\/p>\n<p>Mit dem Auftritt beim Vienna Blues Spring im Reigen, war der Startschuss f\u00fcr die Wiener Blues \u2013 Rock Band gegeben.&nbsp;<\/td>\n<\/tr>\n<tr>\n<td width=\"307\">F\u00fcr Bull\u00b4s Eye folgten Auftritte in der Ottakringer Brauerei im Rahmen des Vinyl &amp; Music Festivals, im Vienna Hard Rock Cafe, bei der Krone Gala und nat\u00fcrlich auch in kleineren, pers\u00f6nlicheren und gem\u00fctlicheren Lokalen.&nbsp;<\/p>\n<p>Durch die vielen Auftritte von Bull\u00b4s Eye lernten die Leute die Musik zu sch\u00e4tzen und respektieren und selbst der erste Auftritt im Ausland, in Bratislava war ein toller Erfolg.<\/td>\n<td width=\"307\"><img loading=\"lazy\" decoding=\"async\" class=\"alignnone size-medium wp-image-168 aligncenter\" src=\"http:\/\/www.bullseyewien.at\/wp-content\/uploads\/2019\/02\/Plakat-247x300.jpg\" alt=\"\" width=\"247\" height=\"300\" srcset=\"http:\/\/www.bullseyewien.at\/wp-content\/uploads\/2019\/02\/Plakat-247x300.jpg 247w, http:\/\/www.bullseyewien.at\/wp-content\/uploads\/2019\/02\/Plakat-768x933.jpg 768w, http:\/\/www.bullseyewien.at\/wp-content\/uploads\/2019\/02\/Plakat-843x1024.jpg 843w, http:\/\/www.bullseyewien.at\/wp-content\/uploads\/2019\/02\/Plakat-650x789.jpg 650w, http:\/\/www.bullseyewien.at\/wp-content\/uploads\/2019\/02\/Plakat-300x364.jpg 300w, http:\/\/www.bullseyewien.at\/wp-content\/uploads\/2019\/02\/Plakat.jpg 1907w\" sizes=\"(max-width: 247px) 100vw, 247px\" \/><\/td>\n<\/tr>\n<tr>\n<td width=\"307\"><img loading=\"lazy\" decoding=\"async\" class=\"alignnone size-medium wp-image-169\" src=\"http:\/\/www.bullseyewien.at\/wp-content\/uploads\/2019\/02\/Plakat-2-300x227.jpg\" alt=\"\" width=\"300\" height=\"227\" srcset=\"http:\/\/www.bullseyewien.at\/wp-content\/uploads\/2019\/02\/Plakat-2-300x227.jpg 300w, http:\/\/www.bullseyewien.at\/wp-content\/uploads\/2019\/02\/Plakat-2-768x582.jpg 768w, http:\/\/www.bullseyewien.at\/wp-content\/uploads\/2019\/02\/Plakat-2-1024x776.jpg 1024w, http:\/\/www.bullseyewien.at\/wp-content\/uploads\/2019\/02\/Plakat-2-650x492.jpg 650w, http:\/\/www.bullseyewien.at\/wp-content\/uploads\/2019\/02\/Plakat-2-261x196.jpg 261w, http:\/\/www.bullseyewien.at\/wp-content\/uploads\/2019\/02\/Plakat-2-540x406.jpg 540w, http:\/\/www.bullseyewien.at\/wp-content\/uploads\/2019\/02\/Plakat-2.jpg 1826w\" sizes=\"(max-width: 300px) 100vw, 300px\" \/><\/td>\n<td width=\"307\">Nach einer kurzen Auszeit 2017 und einigen internen Ver\u00e4nderungen, ist die Band umtriebiger und tatkr\u00e4ftiger denn je.<\/td>\n<\/tr>\n<tr>\n<td colspan=\"2\" width=\"614\">Heute sind Bull\u00b4s Eye ein bunt gemischter Haufen an MusikerInnen, welche man durch ihr breites Repertoire von Austropop \u00fcber Blues bis hin zum Rock, ob beim Heurigen oder auf kleinen und gro\u00dfen B\u00fchnen\/Festivals wie beim Vienna Blues Spring im Wiener Reigen, antreffen kann.<\/p>\n<p>Songs aus der eigenen Feder, leicht ver\u00e4nderten Covers und Darbietungen von Originalen bekommt das Publikum mit Leidenschaft und Spa\u00df an der Sache pr\u00e4sentiert.<\/td>\n<\/tr>\n<\/tbody>\n<\/table>\n<hr>\n<h2>&nbsp;<\/h2>\n<table>\n<tbody>\n<tr>\n<td width=\"154\">\n<p style=\"text-align: center;\">&nbsp;<\/p>\n<\/td>\n<td width=\"154\">\n<p style=\"text-align: center;\">&nbsp;<\/p>\n<\/td>\n<td width=\"154\">\n<p style=\"text-align: center;\">&nbsp;<\/p>\n<\/td>\n<td width=\"154\">&nbsp;<\/td>\n<\/tr>\n<tr>\n<td width=\"154\">\n<p style=\"text-align: center;\">&nbsp;<\/p>\n<\/td>\n<td width=\"154\">\n<p style=\"text-align: center;\">&nbsp;<\/p>\n<\/td>\n<td width=\"154\">\n<p style=\"text-align: center;\">&nbsp;<\/p>\n<\/td>\n<td width=\"154\">\n<p style=\"text-align: center;\">&nbsp;<\/p>\n<\/td>\n<\/tr>\n<\/tbody>\n<\/table>\n","protected":false},"excerpt":{"rendered":"<p>Im April 2015 entstand mit Musikern aus verschiedensten Wiener Bands das Projekt \u201eBull\u00b4s Eye\u201c.&nbsp; Mit dem Auftritt beim Vienna Blues Spring im Reigen, war der Startschuss f\u00fcr die Wiener Blues <a class=\"more-link\" href=\"http:\/\/www.bullseyewien.at\/?page_id=8\">[ . . . ]<\/a><\/p>\n","protected":false},"author":1,"featured_media":0,"parent":0,"menu_order":0,"comment_status":"closed","ping_status":"closed","template":"","meta":{"ngg_post_thumbnail":0,"footnotes":""},"_links":{"self":[{"href":"http:\/\/www.bullseyewien.at\/index.php?rest_route=\/wp\/v2\/pages\/8"}],"collection":[{"href":"http:\/\/www.bullseyewien.at\/index.php?rest_route=\/wp\/v2\/pages"}],"about":[{"href":"http:\/\/www.bullseyewien.at\/index.php?rest_route=\/wp\/v2\/types\/page"}],"author":[{"embeddable":true,"href":"http:\/\/www.bullseyewien.at\/index.php?rest_route=\/wp\/v2\/users\/1"}],"replies":[{"embeddable":true,"href":"http:\/\/www.bullseyewien.at\/index.php?rest_route=%2Fwp%2Fv2%2Fcomments&post=8"}],"version-history":[{"count":14,"href":"http:\/\/www.bullseyewien.at\/index.php?rest_route=\/wp\/v2\/pages\/8\/revisions"}],"predecessor-version":[{"id":727,"href":"http:\/\/www.bullseyewien.at\/index.php?rest_route=\/wp\/v2\/pages\/8\/revisions\/727"}],"wp:attachment":[{"href":"http:\/\/www.bullseyewien.at\/index.php?rest_route=%2Fwp%2Fv2%2Fmedia&parent=8"}],"curies":[{"name":"wp","href":"https:\/\/api.w.org\/{rel}","templated":true}]}}