{"id":9,"date":"2017-05-10T11:00:55","date_gmt":"2017-05-10T09:00:55","guid":{"rendered":"http:\/\/www.bullseyewien.at\/wp\/?page_id=9"},"modified":"2019-02-09T15:11:06","modified_gmt":"2019-02-09T14:11:06","slug":"kontakt","status":"publish","type":"page","link":"http:\/\/www.bullseyewien.at\/?page_id=9","title":{"rendered":"Kontakt \/ Impressum"},"content":{"rendered":"<p><b>Offenlegung nach \u00a725 Mediengesetz<\/b><\/p>\n<p><b>Bull\u00b4s Eye &#8211; Blues &#8211; Rockband<\/b><\/p>\n<p><strong><em>Sitz:<\/em><\/strong>&nbsp;A-1230 Wien, Richard-Strauss-Stra\u00dfe 33<\/p>\n<p><em><strong>Kontakt:<\/strong><\/em><\/p>\n<p>E-Mail: <a href=\"mailto:office@bullseyewien.at\">office(at)bullseyewien.at<\/a><\/p>\n<p><b><em>T\u00e4tigkeitsbereich:<\/em>&nbsp;<\/b>Musiker &amp; Band<\/p>\n<p><b><em>Medieninhaber: Markus Oberl\u00e4nder &#8211; Bull\u00b4s Eye<\/em><\/b><\/p>\n<hr>\n<p style=\"text-align: center;\">Du hast Fragen, Lob oder sonstige Anliegen die Du uns mitteilen willst?<\/p>\n<p style=\"text-align: center;\">Dann nimm hier Kontakt mit uns auf.<\/p>\n<div role=\"form\" class=\"wpcf7\" id=\"wpcf7-f77-o1\" lang=\"de-DE\" dir=\"ltr\">\n<div class=\"screen-reader-response\"><\/div>\n<form action=\"\/index.php?rest_route=%2Fwp%2Fv2%2Fpages%2F9#wpcf7-f77-o1\" method=\"post\" class=\"wpcf7-form\" novalidate=\"novalidate\">\n<div style=\"display: none;\">\n<input type=\"hidden\" name=\"_wpcf7\" value=\"77\" \/>\n<input type=\"hidden\" name=\"_wpcf7_version\" value=\"5.1.1\" \/>\n<input type=\"hidden\" name=\"_wpcf7_locale\" value=\"de_DE\" \/>\n<input type=\"hidden\" name=\"_wpcf7_unit_tag\" value=\"wpcf7-f77-o1\" \/>\n<input type=\"hidden\" name=\"_wpcf7_container_post\" value=\"0\" \/>\n<input type=\"hidden\" name=\"g-recaptcha-response\" value=\"\" \/>\n<\/div>\n<p><label> Dein Name (Pflichtfeld)<br \/>\n    <span class=\"wpcf7-form-control-wrap your-name\"><input type=\"text\" name=\"your-name\" value=\"\" size=\"40\" class=\"wpcf7-form-control wpcf7-text wpcf7-validates-as-required\" aria-required=\"true\" aria-invalid=\"false\" \/><\/span> <\/label><\/p>\n<p><label> Deine E-Mail-Adresse (Pflichtfeld)<br \/>\n    <span class=\"wpcf7-form-control-wrap your-email\"><input type=\"email\" name=\"your-email\" value=\"\" size=\"40\" class=\"wpcf7-form-control wpcf7-text wpcf7-email wpcf7-validates-as-required wpcf7-validates-as-email\" aria-required=\"true\" aria-invalid=\"false\" \/><\/span> <\/label><\/p>\n<p><label> Betreff<br \/>\n    <span class=\"wpcf7-form-control-wrap your-subject\"><input type=\"text\" name=\"your-subject\" value=\"\" size=\"40\" class=\"wpcf7-form-control wpcf7-text\" aria-invalid=\"false\" \/><\/span> <\/label><\/p>\n<p><label> Deine Nachricht<br \/>\n    <span class=\"wpcf7-form-control-wrap your-message\"><textarea name=\"your-message\" cols=\"40\" rows=\"10\" class=\"wpcf7-form-control wpcf7-textarea\" aria-invalid=\"false\"><\/textarea><\/span> <\/label><\/p>\n<p><input type=\"submit\" value=\"Senden\" class=\"wpcf7-form-control wpcf7-submit\" \/><\/p>\n<div class=\"wpcf7-response-output wpcf7-display-none\"><\/div><\/form><\/div>\n","protected":false},"excerpt":{"rendered":"<p>Offenlegung nach \u00a725 Mediengesetz Bull\u00b4s Eye &#8211; Blues &#8211; Rockband Sitz:&nbsp;A-1230 Wien, Richard-Strauss-Stra\u00dfe 33 Kontakt: E-Mail: office(at)bullseyewien.at T\u00e4tigkeitsbereich:&nbsp;Musiker &amp; Band Medieninhaber: Markus Oberl\u00e4nder &#8211; Bull\u00b4s Eye Du hast Fragen, Lob <a class=\"more-link\" href=\"http:\/\/www.bullseyewien.at\/?page_id=9\">[ . . . ]<\/a><\/p>\n","protected":false},"author":1,"featured_media":0,"parent":0,"menu_order":0,"comment_status":"closed","ping_status":"closed","template":"","meta":{"ngg_post_thumbnail":0,"footnotes":""},"_links":{"self":[{"href":"http:\/\/www.bullseyewien.at\/index.php?rest_route=\/wp\/v2\/pages\/9"}],"collection":[{"href":"http:\/\/www.bullseyewien.at\/index.php?rest_route=\/wp\/v2\/pages"}],"about":[{"href":"http:\/\/www.bullseyewien.at\/index.php?rest_route=\/wp\/v2\/types\/page"}],"author":[{"embeddable":true,"href":"http:\/\/www.bullseyewien.at\/index.php?rest_route=\/wp\/v2\/users\/1"}],"replies":[{"embeddable":true,"href":"http:\/\/www.bullseyewien.at\/index.php?rest_route=%2Fwp%2Fv2%2Fcomments&post=9"}],"version-history":[{"count":6,"href":"http:\/\/www.bullseyewien.at\/index.php?rest_route=\/wp\/v2\/pages\/9\/revisions"}],"predecessor-version":[{"id":196,"href":"http:\/\/www.bullseyewien.at\/index.php?rest_route=\/wp\/v2\/pages\/9\/revisions\/196"}],"wp:attachment":[{"href":"http:\/\/www.bullseyewien.at\/index.php?rest_route=%2Fwp%2Fv2%2Fmedia&parent=9"}],"curies":[{"name":"wp","href":"https:\/\/api.w.org\/{rel}","templated":true}]}}